{"id":383,"date":"2022-12-07T02:27:16","date_gmt":"2022-12-07T02:27:16","guid":{"rendered":"http:\/\/quiflosa.net\/?page_id=383"},"modified":"2022-12-08T22:20:15","modified_gmt":"2022-12-08T22:20:15","slug":"sobre-quiflo-s-a","status":"publish","type":"page","link":"http:\/\/quiflosa.net\/?page_id=383","title":{"rendered":"Sobre Quiflo S.A"},"content":{"rendered":"\n<div class=\"wp-block-media-text alignwide is-stacked-on-mobile\"><figure class=\"wp-block-media-text__media\"><img loading=\"lazy\" decoding=\"async\" width=\"1024\" height=\"683\" src=\"http:\/\/quiflosa.net\/wp-content\/uploads\/2022\/12\/Quienes-somos-1024x683.jpg\" alt=\"\" class=\"wp-image-401 size-full\" srcset=\"http:\/\/quiflosa.net\/wp-content\/uploads\/2022\/12\/Quienes-somos-1024x683.jpg 1024w, http:\/\/quiflosa.net\/wp-content\/uploads\/2022\/12\/Quienes-somos-300x200.jpg 300w, http:\/\/quiflosa.net\/wp-content\/uploads\/2022\/12\/Quienes-somos-768x512.jpg 768w, http:\/\/quiflosa.net\/wp-content\/uploads\/2022\/12\/Quienes-somos-1536x1024.jpg 1536w, http:\/\/quiflosa.net\/wp-content\/uploads\/2022\/12\/Quienes-somos-2048x1366.jpg 2048w, http:\/\/quiflosa.net\/wp-content\/uploads\/2022\/12\/Quienes-somos-600x400.jpg 600w\" sizes=\"(max-width: 1024px) 100vw, 1024px\" \/><\/figure><div class=\"wp-block-media-text__content\">\n<p>Corporaci\u00f3n Quiflo nace en el mes de enero del a\u00f1o 1991, para proveer productos a las farmacias y afines en todo el pa\u00eds. Expandiendose a trav\u00e9s de los a\u00f1os a distintos mercados.<\/p>\n<\/div><\/div>\n\n\n\n<div class=\"wp-block-columns is-layout-flex wp-container-core-columns-is-layout-1 wp-block-columns-is-layout-flex\">\n<div class=\"wp-block-column is-layout-flow wp-block-column-is-layout-flow\">\n<p class=\"has-text-align-center\"><strong>Visi\u00f3n<\/strong><\/p>\n\n\n\n<p class=\"has-text-align-center\">Ser un grupo empresarial l\u00edder en el mercado con el objetivo claro de fomentar el bienestar, la salud y el desarrollo sostenible con la naturaleza a trav\u00e9s del suministro de productos y servicios que ser\u00e1n reconocidos por su calidad e integridad<\/p>\n<\/div>\n\n\n\n<div class=\"wp-block-column is-layout-flow wp-block-column-is-layout-flow\">\n<p class=\"has-text-align-center\"><strong>Misi\u00f3n<\/strong><\/p>\n\n\n\n<p class=\"has-text-align-center\">Suministrar continuamente de manera competitiva productos y servicios de consumo masivo que satisfagan las necesidades y expectativas de nuestros clientes y consumidores.<\/p>\n<\/div>\n<\/div>\n","protected":false},"excerpt":{"rendered":"<p>Corporaci\u00f3n Quiflo nace en el mes de enero del a\u00f1o 1991, para proveer productos a las farmacias y afines en todo el pa\u00eds. Expandiendose a trav\u00e9s de los a\u00f1os a distintos mercados. Visi\u00f3n Ser un grupo empresarial l\u00edder en el mercado con el objetivo claro de fomentar el bienestar, la salud y el desarrollo sostenible [&hellip;]<\/p>\n","protected":false},"author":1,"featured_media":0,"parent":0,"menu_order":0,"comment_status":"closed","ping_status":"closed","template":"","meta":{"om_disable_all_campaigns":false,"_monsterinsights_skip_tracking":false,"_monsterinsights_sitenote_active":false,"_monsterinsights_sitenote_note":"","_monsterinsights_sitenote_category":0,"footnotes":""},"aioseo_notices":[],"_links":{"self":[{"href":"http:\/\/quiflosa.net\/index.php?rest_route=\/wp\/v2\/pages\/383"}],"collection":[{"href":"http:\/\/quiflosa.net\/index.php?rest_route=\/wp\/v2\/pages"}],"about":[{"href":"http:\/\/quiflosa.net\/index.php?rest_route=\/wp\/v2\/types\/page"}],"author":[{"embeddable":true,"href":"http:\/\/quiflosa.net\/index.php?rest_route=\/wp\/v2\/users\/1"}],"replies":[{"embeddable":true,"href":"http:\/\/quiflosa.net\/index.php?rest_route=%2Fwp%2Fv2%2Fcomments&post=383"}],"version-history":[{"count":4,"href":"http:\/\/quiflosa.net\/index.php?rest_route=\/wp\/v2\/pages\/383\/revisions"}],"predecessor-version":[{"id":439,"href":"http:\/\/quiflosa.net\/index.php?rest_route=\/wp\/v2\/pages\/383\/revisions\/439"}],"wp:attachment":[{"href":"http:\/\/quiflosa.net\/index.php?rest_route=%2Fwp%2Fv2%2Fmedia&parent=383"}],"curies":[{"name":"wp","href":"https:\/\/api.w.org\/{rel}","templated":true}]}}